{"id":36738,"date":"2022-11-21T09:40:45","date_gmt":"2022-11-21T09:40:45","guid":{"rendered":"https:\/\/purelife.ro\/en\/?post_type=product&#038;p=36738"},"modified":"2022-11-21T09:40:47","modified_gmt":"2022-11-21T09:40:47","slug":"coprul-electric-electromagnetismul-si-fundamentul-vietii-de-dr-robert-o-becker","status":"publish","type":"product","link":"https:\/\/purelife.ro\/en\/product\/coprul-electric-electromagnetismul-si-fundamentul-vietii-de-dr-robert-o-becker\/","title":{"rendered":"COPRUL ELECTRIC &#8211; Electromagnetismul \u0219i fundamentul vie\u021bii de Dr. Robert O. Becker"},"content":{"rendered":"<p>Corpul Electric spune fascinant\u0103 poveste a sinelui nostru bioelectric. Robert O. Becker, un pionier \u00een domeniul regener\u0103rii \u015fi rela\u0163iei acesteia cu acei curen\u021bi electrici reg\u0103si\u0163i \u00een fiin\u0163ele vii, provoac\u0103 \u00een\u0163elegerea mecanicist\u0103 a corpului uman, a\u015fa cum este ea stabilit\u0103 \u00een literatur\u0103. Acesta a g\u0103sit indicii care s\u0103 sus\u0163in\u0103 procesul de vindecare \u00een teoria demult ie\u015fit\u0103 din uz conform c\u0103reia electricitatea este vital\u0103 vie\u021bii. Dar, pe c\u00e2t de interesante sunt descoperirile lui Becker, care conduc c\u0103tre o zi \u00een care membrele, coloana vertebral\u0103 sau organele vor putea fi regenerate dup\u0103 ce au suferit leziuni, pe at\u00e2t de fascinant\u0103 este povestea luptei lui Becker pentru a \u00eentreprinde cercetarea sa inedit\u0103. Corpul electric exploreaz\u0103 noi c\u0103i de \u00een\u0163elegere a evolu\u0163iei, acupuncturii, a fenomenelor parapsihice \u015fi vindec\u0103rii.<\/p>\n<p>\u201eAceasta este cu adev\u0103rat o istorie fascinant\u0103 a unei arii de investigare foarte importante, c\u00e2t \u015fi, totodat\u0103, un expozeu veridic al politicilor medicale \u015fi de cercetare. Recomand cu t\u0103rie aceast\u0103 lectur\u0103 oricui este interesat de viitoarele direc\u021bii ale medicinei.&#8221; \u2014 <strong>Journal of Ultramolecular Medicine <\/strong><\/p>\n<p>\u201eAceast\u0103 carte este bine scris\u0103 \u015fi foarte informativ\u0103, cu multe idei profunde despre rela\u0163ia dintre electromagnetism, electricitate \u015fi procesele fundamentale ale vie\u0163ii, \u00eengrijirea medical\u0103 \u015fi problemele de mediu. De asemenea, politicile lumii cercet\u0103rii \u015ftiin\u0163ifice sunt prezentate \u00eentr-o lumin\u0103 realist\u0103.&#8221; <strong>\u2014 Choice<\/strong><\/p>\n<p>\u201eCorpul electric este o expunere captivant\u0103 a \u015ftiin\u0163ei de ultim\u0103 or\u0103. Scriitura este limpede \u015fi plin\u0103 de via\u0163\u0103, iar povestea \u2014 despre c\u0103utarea cunoa\u015fterii \u00een fa\u0163a rezisten\u021bei guvernului \u2014 cu siguran\u0163\u0103 va impresiona.&#8221;<strong> \u2014 Ms. Magazine <\/strong><\/p>\n<p>\u201eScris\u0103 cu u\u015furin\u0163\u0103, editat\u0103 cu meticulozitate \u015fi ilustrat\u0103 cu pricepere.&#8221; <strong>\u2014 Los Angeles Times <\/strong><\/p>\n<p>\u201eAceast\u0103 lucrare definitiv\u0103&#8230; clarific\u0103 misterele cancerului, ale acupuncturii \u015fi ale tulbur\u0103rilor psihiatrice.&#8221; <strong>\u2014 BrainMindBulletin<\/strong><\/p>\n<p>\u201eO carte foarte informativ\u0103 pentru cititori educa\u0163i dar neini\u0163ia\u0163i \u00een domeniu.&#8221; <strong>\u2014 Library Journal <\/strong><\/p>\n","protected":false},"excerpt":{"rendered":"<p>Corpul Electric spune fascinant\u0103 poveste a sinelui nostru bioelectric. Robert O. Becker, un pionier \u00een domeniul regener\u0103rii \u015fi rela\u0163iei acesteia cu acei curen\u021bi electrici reg\u0103si\u0163i \u00een fiin\u0163ele vii, provoac\u0103 \u00een\u0163elegerea mecanicist\u0103 a corpului uman, a\u015fa cum este ea stabilit\u0103 \u00een literatur\u0103. Acesta a g\u0103sit indicii care s\u0103 sus\u0163in\u0103 procesul de vindecare \u00een teoria demult ie\u015fit\u0103 din uz conform c\u0103reia electricitatea este vital\u0103 vie\u021bii. Dar, pe c\u00e2t de interesante sunt descoperirile lui Becker, care conduc c\u0103tre o zi \u00een care membrele, coloana vertebral\u0103 sau organele vor putea fi regenerate dup\u0103 ce au suferit leziuni, pe at\u00e2t de fascinant\u0103 este povestea luptei lui Becker pentru a \u00eentreprinde cercetarea sa inedit\u0103. Corpul electric exploreaz\u0103 noi c\u0103i de \u00een\u0163elegere a evolu\u0163iei, acupuncturii, a fenomenelor parapsihice \u015fi vindec\u0103rii.<\/p>\n","protected":false},"featured_media":36247,"comment_status":"open","ping_status":"closed","template":"","meta":[],"product_cat":[409],"product_tag":[],"jetpack_sharing_enabled":true,"_links":{"self":[{"href":"https:\/\/purelife.ro\/en\/wp-json\/wp\/v2\/product\/36738"}],"collection":[{"href":"https:\/\/purelife.ro\/en\/wp-json\/wp\/v2\/product"}],"about":[{"href":"https:\/\/purelife.ro\/en\/wp-json\/wp\/v2\/types\/product"}],"replies":[{"embeddable":true,"href":"https:\/\/purelife.ro\/en\/wp-json\/wp\/v2\/comments?post=36738"}],"wp:featuredmedia":[{"embeddable":true,"href":"https:\/\/purelife.ro\/en\/wp-json\/wp\/v2\/media\/36247"}],"wp:attachment":[{"href":"https:\/\/purelife.ro\/en\/wp-json\/wp\/v2\/media?parent=36738"}],"wp:term":[{"taxonomy":"product_cat","embeddable":true,"href":"https:\/\/purelife.ro\/en\/wp-json\/wp\/v2\/product_cat?post=36738"},{"taxonomy":"product_tag","embeddable":true,"href":"https:\/\/purelife.ro\/en\/wp-json\/wp\/v2\/product_tag?post=36738"}],"curies":[{"name":"wp","href":"https:\/\/api.w.org\/{rel}","templated":true}]}}