{"id":36755,"date":"2022-11-21T09:40:51","date_gmt":"2022-11-21T09:40:51","guid":{"rendered":"https:\/\/purelife.ro\/en\/?post_type=product&#038;p=36755"},"modified":"2023-07-11T22:48:03","modified_gmt":"2023-07-11T20:48:03","slug":"argentum-medica-49ppm-240ml","status":"publish","type":"product","link":"https:\/\/purelife.ro\/en\/product\/argentum-medica-49ppm-240ml\/","title":{"rendered":"Argentum+\u00ae Medica, 49ppm, 240ml"},"content":{"rendered":"<p>Argentum+\u00ae\u00a0Medica are un efect terapeutic pronun\u0163at, efectele fiind percepute rapid.<\/p>\n<p>Pentru uz intern\u00a0Argentum+\u00ae\u00a0Medica\u00a0poate fi administrat \u00een dou\u0103 moduri:<\/p>\n<p>ca atare, nediluat, cu o linguri\u0163\u0103 sau m\u0103sura din plastic sau sticl\u0103.<br \/>\ndiluat \u00een ap\u0103, ceai, lapte sau sucuri.<\/p>\n<p>Dosage and general use:<\/p>\n<p>10ml pe zi, administra\u0163i \u00een dou\u0103 prize a c\u00e2te 5ml (o lingur\u0103), diminea\u0163a \u015fi seara, de preferat \u00eenainte de mese. Aceast\u0103 cantitate este suficient\u0103 pentru \u00eentre\u0163inerea general\u0103 a s\u0103n\u0103t\u0103\u0163ii \u00een special \u00een sezonul rece.<br \/>\n20ml pe zi, administra\u0163i \u00een dou\u0103 prize, diminea\u0163a \u015fi seara, de preferat \u00eenainte de mese. Aceast\u0103 cantitate este utilizat\u0103 cu succes pentru poten\u0163area sistemului imunitar.<br \/>\nPeste 20ml pe zi.\u00a0La recomandarea medicului doza poate fi m\u0103rit\u0103 \u015fi adaptat\u0103 \u00een func\u0163ie de reac\u0163ia organismului.<br \/>\nDoza de \u015foc:\u00a0Atunci c\u00e2nd sesiza\u0163i primele simptome ce semnaleaz\u0103 apari\u0163ia unei r\u0103celi sau a unei st\u0103ri gripale, se recomand\u0103 folosirea unei doze de 70ml pe zi, \u00een mai multe prize, timp de dou\u0103 sau trei zile consecutiv, pentru a opri dezvoltarea agen\u0163ilor patogeni.<\/p>\n<p>Pentru un efect sporit, se p\u0103streaz\u0103 doza recomandat\u0103 timp de 1-3 minute \u00een cavitatea bucal\u0103.<\/p>\n<p>Aten\u0163ie! Este absolut necesar s\u0103 se consume minimum 2,5l de ap\u0103 pe zi pentru o eficien\u0163\u0103 mai mare \u00een eliminarea toxinelor.<\/p>\n<p>Argentum+\u00ae\u00a0Medica poate fi folosit \u015fi \u00een urm\u0103toarele moduri:<\/p>\n<p>ap\u0103 de gur\u0103, pentru \u00eengrijirea cavit\u0103\u0163ii bucale (cl\u0103tire, gargar\u0103);<br \/>\n\u00een inhala\u0163ii, cu ajutorul nebulizatorului;<br \/>\npic\u0103turi \u00een ochi, nas, urechi;<br \/>\npulverizat pe arsuri sau pl\u0103gi (accelereaz\u0103 procesele de cicatrizare);<br \/>\n\u00een cosmetica de \u00eengrijire a tenului, ca tonic \u015fi purificator al porilor pielii;<br \/>\npulverizat ca odorizant (\u00eempotriva mirosurile nepl\u0103cute);<br \/>\npentru \u00eengrijirea \u00eendelungat\u0103 a p\u0103rului, a pielii \u015fi a unghiilor;<br \/>\nad\u0103ugat \u00een apa de baie: 50ml (purificator al pielii \u00een general);<br \/>\nb\u0103i de picioare \u015fi b\u0103i de \u015fezut: 15ml (poten\u0163eaz\u0103 efectele);<br \/>\npentru \u00eentre\u0163inerea igienei zonei intime \u015fi ad\u0103ugat \u00een clisme: 10-15ml;<br \/>\naplicat topic dup\u0103 ras;<br \/>\n\u00een comprese sau cataplasme pentru o mai bun\u0103 absorb\u0163ie \u00een \u0163esuturi a principiilor active;<br \/>\npulverizat pe fa\u0163\u0103, ochi, t\u00e2mple, ceaf\u0103, \u00een st\u0103rile de oboseal\u0103;<br \/>\ntopic \u00een cazul \u00een\u0163ep\u0103turilor de insecte;<br \/>\npulverizat pe toat\u0103 suprafa\u0163a afectat\u0103 \u00een cazul insola\u0163iilor, \u00een paralel cu consumul intern (doza \u015foc);<br \/>\npe \u00eentreaga suprafa\u0163\u0103 a corpului \u00een caz de febr\u0103, \u00een paralel cu consumul intern (doza \u015foc);<\/p>\n<p>Ac\u0163iuni:\u00a0imunomodulator, antimicrobian, antibacterian, antifungic, antiinflamator.<\/p>\n<p>Indica\u0163ii:\u00a0amenoree, amenoree psihic\u0103, amnezie, andropauz\u0103, anemie, anexit\u0103, anemie megaloblastic\u0103, angin\u0103 pectoral\u0103, angoas\u0103, anorexie, anorexie psihic\u0103, anxietate, apendicit\u0103 cronic\u0103, arsuri, arteroscleroz\u0103, artralgii, artrit\u0103, artroz\u0103, astenie fizic\u0103, astenie muscular\u0103, astenie psihic\u0103, atonie muscular\u0103, atripsie, atrofie muscular\u0103, boala f\u00e2nului, boli infec\u0163ioase, bron\u015fit\u0103, cataract\u0103, cefalee, cistit\u0103, colagenoze, colici intestinale, como\u0163ie cerebral\u0103 (preventiv), confuzie mintal\u0103, constipa\u0163ie, convalescen\u0163\u0103, coxartroz\u0103, crampe musculare, decalcifiere osoas\u0103, demineralizare, depresie, dermit\u0103, eczem\u0103, emfizem pulmonar, enterit\u0103, eripizel, escare, faringo-amigdalit\u0103, febr\u0103, furuncul, grip\u0103, gut\u0103, guturai, herpes, hipertensiune arterial\u0103, hipotonie muscular\u0103, hepatit\u0103 cronic\u0103, infarct miocardic (preventiv), infarct pulmonar (preventiv), infec\u0163ie cu\u00a0escherichia coli\u00a0(e. coli), infec\u0163ie urinar\u0103, infec\u0163ii bacteriene cronice, inflama\u0163ii, insola\u0163ii, insomnie, insuficien\u0163a activit\u0103\u0163ii glandelor suprarenale, insuficien\u0163\u0103 cardiac\u0103 cronic\u0103, insuficien\u0163\u0103 renal\u0103 cronic\u0103, interven\u0163ii chirurgicale (pre- \u015fi postoperator), ipohondrie, iritabilitate psihic\u0103, keratit\u0103, labilitate psiho-emo\u0163ional\u0103, laringit\u0103, leucocitoz\u0103, leucopenie, leucoree, litiaz\u0103 biliar\u0103, lumbago de cauz\u0103 artritic\u0103, mastit\u0103, menopauz\u0103, mialgii, micoz\u0103 cutanat\u0103, miocardit\u0103, mononucleoz\u0103 infec\u0163ioas\u0103, neurastenie, oreion, orjelet, orhit\u0103, panic\u0103, parez\u0103, pericardit\u0103, pesimism, pioree alveolo-dentar\u0103, pl\u0103gi (cicatrizare dificil\u0103), pneumonie viral\u0103, polineuropatii, psoriazis, rahitism, ramolisment cerebral, retard psihic, reumatism articular, rinofaringit\u0103, rinoree apoas\u0103, rinoree purulent\u0103, rubeol\u0103, rujeol\u0103, sc\u0103dere \u00een greutate, sc\u0103derea imunit\u0103\u0163ii, sc\u0103derea memoriei (faza de prenescen\u0163\u0103), schizofrenie, scleroz\u0103 multipl\u0103, senescen\u0163\u0103, sindrom Down, sinuzit\u0103 cronic\u0103, spasmofilie, spondilit\u0103 ankilopoietic\u0103, stafilococie cutanat\u0103, sterilitate, stomatit\u0103, stres, susceptibilitate, tetanie, traheit\u0103, tulbur\u0103ri ale reflexelor (diminuare), tulbur\u0103ri de aten\u0163ie, tulbur\u0103ri de digestie \u015fi de absorb\u0163ie, tuse, ulcer gastric \u015fi duodenal, unghii deformate, uretrit\u0103, vaginit\u0103, varice, veruci, viroze, zona zoster.<\/p>\n<p>Efecte secundare ale utiliz\u0103rii produsului Argentum+\u00ae\u00a0Medica nu exist\u0103. Acest produs nu este toxic sau alergenic, nu afecteaz\u0103 ficatul, rinichii sau alte organe ale corpului. Pericolul acumul\u0103rii particulelor de argint \u00een organism nu exist\u0103. Av\u00e2nd dimensiuni nanometrice, acestea se elimin\u0103 \u00een mod natural \u00een trei zile. Nu creeaz\u0103 fenomene de dependen\u0163\u0103 sau obi\u015fnuin\u0163\u0103, fiind posibil\u0103 administrarea de lung\u0103 durat\u0103. Ionii de argint (Ag+) nu interac\u0163ioneaz\u0103 cu niciun medicament sau remediu.<\/p>\n<p>Argentum+\u00ae\u00a0Medica nu trebuie s\u0103 \u00eenlocuiasc\u0103 o diet\u0103 variat\u0103 \u015fi echilibrat\u0103.<\/p>\n<p>Condi\u0163ii de p\u0103strare:\u00a0A se p\u0103stra la temperatura camerei, ferit de razele soarelui. Nu se p\u0103streaz\u0103 \u00een frigider. A se feri de obiecte electromagnetice \u015fi de surse de radia\u0163ii GSM, deoarece produsul con\u0163ine ioni de argint cu sarcin\u0103 electric\u0103 pozitiv\u0103, care pot precipita.<\/p>\n<p>*Argentum+\u00ae\u00a0este marc\u0103 \u00eenregistrat\u0103 Agnes Itara SRL. Produsele din gama Argentum+\u00ae sunt notificare la Institutul de Bioresurse Alimentare \u015fi Ministerul S\u0103n\u0103t\u0103\u0163ii cu seriile: AA\/3873\/2010,AA\/3874\/2010, AA\/3875\/2010, AA\/3634\/2010, 60607\/2011.<\/p>\n<p>Copyright \u00a9 Agnes Itara SRL<\/p>\n","protected":false},"excerpt":{"rendered":"<p><strong>Solution with nanoparticles and pure srgint ions in bidistilled and structured water.<\/strong><br \/>\nConcentration: 49ppm.<\/p>\n<p>This ionic nanocolloidal silver solution is designed specifically for physicians. While colloidal solutions in the ARGENTUM+\u00ae range with a concentration between 5ppm and 35ppm can be administered directly, Argentum+\u00ae Medica should only be administered in the dose recommended by the specialist doctor, in special conditions when the body does not respond to medication due to resistant strains.<\/p>\n<p>Argentum+\u00ae Medica, concentration 49ppm &#8211; is a nanocoloidal-ionic solution very rich in nanometric silver particles of 99.99% purity, and silver ions, in homogeneous suspension, in double distilled and structured water.<\/p>\n","protected":false},"featured_media":36415,"comment_status":"open","ping_status":"closed","template":"","meta":[],"product_cat":[406,372,374],"product_tag":[],"jetpack_sharing_enabled":true,"_links":{"self":[{"href":"https:\/\/purelife.ro\/en\/wp-json\/wp\/v2\/product\/36755"}],"collection":[{"href":"https:\/\/purelife.ro\/en\/wp-json\/wp\/v2\/product"}],"about":[{"href":"https:\/\/purelife.ro\/en\/wp-json\/wp\/v2\/types\/product"}],"replies":[{"embeddable":true,"href":"https:\/\/purelife.ro\/en\/wp-json\/wp\/v2\/comments?post=36755"}],"wp:featuredmedia":[{"embeddable":true,"href":"https:\/\/purelife.ro\/en\/wp-json\/wp\/v2\/media\/36415"}],"wp:attachment":[{"href":"https:\/\/purelife.ro\/en\/wp-json\/wp\/v2\/media?parent=36755"}],"wp:term":[{"taxonomy":"product_cat","embeddable":true,"href":"https:\/\/purelife.ro\/en\/wp-json\/wp\/v2\/product_cat?post=36755"},{"taxonomy":"product_tag","embeddable":true,"href":"https:\/\/purelife.ro\/en\/wp-json\/wp\/v2\/product_tag?post=36755"}],"curies":[{"name":"wp","href":"https:\/\/api.w.org\/{rel}","templated":true}]}}